{"id":11575,"date":"2024-02-02T17:25:29","date_gmt":"2024-02-02T16:25:29","guid":{"rendered":"https:\/\/enhancers.it\/?page_id=11575"},"modified":"2024-02-02T17:25:29","modified_gmt":"2024-02-02T16:25:29","slug":"privacy-policy","status":"publish","type":"page","link":"https:\/\/enhancers.it\/es\/privacy-policy\/","title":{"rendered":"Privacy Policy"},"content":{"rendered":"\n<p><strong>Titular del Tratamiento de Datos<\/strong><\/p>\n\n\n\n<p><strong>ENHANCERS The Digital Product Factory<\/strong><br>Warrant Hub Spa \u2013 Tinexta Group<br>Via Antonio Bertola 40 10122 Torino (Italia)<\/p>\n\n\n\n<p>Email address of the Data Controller: <a>info@enhancers.it<\/a><\/p>\n\n\n\n<p>Pol\u00edtica de privacidad sobre el tratamiento de datos personales de conformidad con los art\u00edculos 13-14 del Reglamento de la UE 2016\/679.<\/p>\n\n\n\n<p>Interesados: Usuarios del portal enhancers.it.<\/p>\n\n\n\n<p>ENHANCERS de Warrant Hub Spa &#8211; Grupo Tinexta, en calidad de titular del tratamiento de sus datos personales, seg\u00fan lo dispuesto por el Reglamento (UE) 2016\/679, a continuaci\u00f3n &#8216;GDPR&#8217;, le informa que dicha normativa prev\u00e9 la protecci\u00f3n de los interesados en relaci\u00f3n con el tratamiento de los datos personales y que dicho tratamiento se basar\u00e1 en los principios de correcci\u00f3n, licitud, transparencia y protecci\u00f3n de su privacidad y derechos.<\/p>\n\n\n\n<p>Sus datos personales ser\u00e1n tratados de acuerdo con las disposiciones legislativas mencionadas y las obligaciones de confidencialidad previstas.<\/p>\n\n\n\n<p>Finalidad y base legal del tratamiento: en particular, sus datos se utilizar\u00e1n para las siguientes finalidades relacionadas con la ejecuci\u00f3n de medidas vinculadas a obligaciones contractuales o precontractuales:<\/p>\n\n\n\n<ul><li>gesti\u00f3n de las cookies necesarias para el portal; <\/li><li>respuesta al formulario de contacto presente en el sitio web;<\/li><\/ul>\n\n\n\n<p>Sus datos personales tambi\u00e9n podr\u00e1n, previo su consentimiento, ser utilizados para los siguientes fines:<\/p>\n\n\n\n<ul><li>Gesti\u00f3n de cookies de marketing no t\u00e9cnicas para el portal; <\/li><li>Gesti\u00f3n de cookies estad\u00edsticas no t\u00e9cnicas para el portal;<\/li><\/ul>\n\n\n\n<p>La provisi\u00f3n de datos es opcional para usted con respecto a las finalidades mencionadas anteriormente, y su eventual rechazo al tratamiento no afectar\u00e1 la continuaci\u00f3n de la relaci\u00f3n o la idoneidad del tratamiento en s\u00ed mismo.<br><br>Modalidades de tratamiento. Sus datos personales podr\u00e1n ser procesados de las siguientes maneras:<\/p>\n\n\n\n<ul><li>Por medio de ordenadores electr\u00f3nicos con el uso de sistemas de software gestionados por terceros;<\/li><li>Por medio de ordenadores electr\u00f3nicos con el uso de sistemas de software gestionados o programados directamente;<\/li><\/ul>\n\n\n\n<p>Cada tratamiento se realiza respetando las modalidades establecidas en los art\u00edculos 6 y 32 del Reglamento General de Protecci\u00f3n de Datos (GDPR) y mediante la adopci\u00f3n de las medidas de seguridad adecuadas previstas.<\/p>\n\n\n\n<p>Sus datos ser\u00e1n tratados \u00fanicamente por personal expresamente autorizado por el Titular y, en particular, por las siguientes categor\u00edas de empleados:<\/p>\n\n\n\n<ul><li>operadores internos de gesti\u00f3n del portal web; <\/li><li>oficina de Marketing;<\/li><\/ul>\n\n\n\n<p><br>Comunicaci\u00f3n: Sus datos podr\u00e1n ser comunicados a terceros para una correcta gesti\u00f3n de la relaci\u00f3n y, en particular, a las siguientes categor\u00edas de destinatarios, incluidos todos los Responsables del Tratamiento debidamente designados:<\/p>\n\n\n\n<ul><li>proveedor de servicios web para la gesti\u00f3n y mantenimiento de la plataforma<\/li><\/ul>\n\n\n\n<p>Comunicaciones a Terceros: Sus datos podr\u00e1n ser comunicados a terceros para una correcta gesti\u00f3n de la relaci\u00f3n y, en particular, a las siguientes categor\u00edas de destinatarios identificados como Terceros:<\/p>\n\n\n\n<ul><li>Cloudflare &#8211; https:\/\/www.cloudflare.com\/privacypolicy\/;<\/li><li>Facebook &#8211; https:\/\/www.facebook.com\/about\/privacy\/;<\/li><li>Google &#8211; https:\/\/policies.google.com\/privacy?hl=en;<\/li><li>HubSpot &#8211; https:\/\/legal.hubspot.com\/privacy-policy;<\/li><li>LinkedIn &#8211; https:\/\/www.linkedin.com\/legal\/privacy-policy;<\/li><li>Tawk.to Chat &#8211; https:\/\/www.tawk.to\/privacy-policy\/;<\/li><li>Vimeo &#8211; https:\/\/vimeo.com\/cookie_policy;<\/li><\/ul>\n\n\n\n<p>Sus datos personales no se divulgar\u00e1n de ninguna manera.<\/p>\n\n\n\n<ul><li>United States<\/li><\/ul>\n\n\n\n<p>Periodo de conservaci\u00f3n. Le informamos que, en cumplimiento de los principios de licitud, limitaci\u00f3n de fines y minimizaci\u00f3n de datos, seg\u00fan el art. 5 del GDPR, el per\u00edodo de conservaci\u00f3n de sus datos personales es:<\/p>\n\n\n\n<ul><li>1 giorni: Google Analytics, LinkedIn;<\/li><li>180 giorni: Hubspot.com, LinkedIn;<\/li><li>30 giorni: LinkedIn,;<\/li><li>365 giorni: LinkedIn,;<\/li><li>390 giorni: DoubleClick\/Google Marketing;<\/li><li>730 giorni: Google Analytics, Vimeo;<\/li><li>90 giorni: Facebook, Google;<\/li><li>stabilito per un arco di tempo non superiore all&#8217;espletamento dei servizi erogati;<\/li><li>Sessione: Google Analytics, PHP.net, LinkedIn, Hubspot.com, Tawk.to Chat;<\/li><\/ul>\n\n\n\n<p>Gesti\u00f3n de cookies: en caso de que tenga dudas o preocupaciones sobre el uso de cookies, siempre puede intervenir para evitar su configuraci\u00f3n y lectura, por ejemplo, modificando la configuraci\u00f3n de privacidad en su navegador para bloquear ciertos tipos.<\/p>\n\n\n\n<p>Dado que cada navegador, y a menudo diferentes versiones del mismo navegador, difieren considerablemente entre s\u00ed, si prefiere actuar de manera independiente mediante las preferencias de su navegador, puede encontrar informaci\u00f3n detallada sobre el procedimiento necesario en la gu\u00eda de su navegador. Para obtener una visi\u00f3n general de las acciones para los navegadores m\u00e1s comunes, puede visitar <a href=\"http:\/\/www.cookiepedia.co.uk\/\">www.cookiepedia.co.uk<\/a>.<\/p>\n\n\n\n<p>Adem\u00e1s, las empresas publicitarias permiten renunciar a recibir anuncios dirigidos, si lo desea. Esto no impide la configuraci\u00f3n de cookies, pero interrumpe el uso y la recopilaci\u00f3n de algunos datos por parte de dichas empresas.<\/p>\n\n\n\n<p>Para obtener m\u00e1s informaci\u00f3n y la posibilidad de renunciar, visite <a href=\"http:\/\/www.youronlinechoices.eu\/\">www.youronlinechoices.eu\/<\/a>.<\/p>\n\n\n\n<p>T\u00edtulo: el Titular del tratamiento de datos, seg\u00fan la Ley, es ENHANCERS de Warrant Hub &#8211; Tinexta Group (P. IVA: 10522210011; contactable en las siguientes direcciones: Correo electr\u00f3nico: <a>info@enhancers.it<\/a>; Tel\u00e9fono: +39 011 19803980) en la persona de su representante legal pro tempore.<\/p>\n\n\n\n<p>Usted tiene derecho a obtener del titular la cancelaci\u00f3n (derecho al olvido), la limitaci\u00f3n, la actualizaci\u00f3n, la rectificaci\u00f3n, la portabilidad, la oposici\u00f3n al tratamiento de los datos personales que le conciernen, y en general puede ejercer todos los derechos previstos en los art\u00edculos 15, 16, 17, 18, 19, 20, 21, 22 del GDPR.<\/p>\n\n\n\n<p>Adem\u00e1s, puede ver en todo momento la versi\u00f3n actualizada de la presente informaci\u00f3n conect\u00e1ndose a la direcci\u00f3n de internet <a href=\"https:\/\/www.privacylab.it\/informativa.php?20949452760\">https:\/\/www.privacylab.it\/informativa.php?20949452760<\/a>.<\/p>\n\n\n\n<p><br>Reg. UE 2016\/679: Art\u00edculos 15, 16, 17, 18, 19, 20, 21, 22 &#8211; Derechos del Interesado<\/p>\n\n\n\n<p>El interesado tiene derecho a obtener confirmaci\u00f3n de si existen o no datos personales que le conciernen, aunque a\u00fan no est\u00e9n registrados, su comunicaci\u00f3n de forma inteligible y la posibilidad de presentar una queja ante la Autoridad de Control.<\/p>\n\n\n\n<p>2.El interesado tiene derecho a obtener la indicaci\u00f3n:<\/p>\n\n\n\n<ol><li>del origen de los datos personales;<\/li><li>de los fines y modalidades del tratamiento;<\/li><li>de la l\u00f3gica aplicada en caso de tratamiento realizado con la ayuda de herramientas electr\u00f3nicas;<\/li><li>de los datos de identificaci\u00f3n del responsable, los encargados y el representante designado seg\u00fan el art\u00edculo 5, p\u00e1rrafo 2;<\/li><li>de los sujetos o categor\u00edas de sujetos a los que los datos personales pueden ser comunicados o que pueden tener conocimiento de ellos en calidad de representante designado en el territorio del Estado, responsables o encargados;<\/li><\/ol>\n\n\n\n<p>3.La parte interesada tiene derecho a obtener:<\/p>\n\n\n\n<ol><li>datos, la supresi\u00f3n, transformaci\u00f3n en forma an\u00f3nima o bloqueo de los datos tratados de manera contraria a la ley, incluidos aquellos cuya conservaci\u00f3n no sea necesaria para los fines para los cuales se recopilaron o se trataron posteriormente;<\/li><li>la supresi\u00f3n, transformaci\u00f3n en forma an\u00f3nima o bloqueo de los datos tratados de manera contraria a la ley, incluidos aquellos cuya conservaci\u00f3n no sea necesaria para los fines para los cuales se recopilaron o se trataron posteriormente;<\/li><li>la certificaci\u00f3n de que las operaciones mencionadas en las letras a) y b) han sido puestas en conocimiento, incluso en lo que respecta a su contenido, de aquellos a quienes se han comunicado o divulgado los datos, excepto cuando dicho cumplimiento resulte imposible o implique un esfuerzo manifiestamente desproporcionado con respecto al derecho protegido;<\/li><li>la portabilidad de los datos;<\/li><\/ol>\n\n\n\n<p>4.La parte interesada tiene derecho a oponerse, en todo o en parte:<\/p>\n\n\n\n<ul><li>la parte interesada tiene derecho a oponerse, total o parcialmente, por motivos leg\u00edtimos al tratamiento de los datos personales que le conciernen, incluso si son pertinentes para la finalidad de la recopilaci\u00f3n; <\/li><li>al tratamiento de datos personales que le conciernen con fines de env\u00edo de material publicitario o de venta directa o para la realizaci\u00f3n de investigaciones de mercado o comunicaci\u00f3n comercial;<\/li><\/ul>\n","protected":false},"excerpt":{"rendered":"Titular del Tratamiento de Datos ENHANCERS The Digital Product FactoryWarrant Hub Spa \u2013 Tinexta GroupVia Antonio Bertola 40 10122 Torino (Italia) Email address of the Data Controller: info@enhancers.it Pol\u00edtica de privacidad sobre el tratamiento de datos personales de conformidad con los art\u00edculos 13-14 del Reglamento de la UE 2016\/679. Interesados: Usuarios del portal enhancers.it. ENHANCERS [&hellip;]","protected":false},"author":1,"featured_media":0,"parent":0,"menu_order":39,"comment_status":"closed","ping_status":"open","template":"","meta":{"content-type":"","_vp_format_video_url":"","_vp_image_focal_point":[],"footnotes":""},"yoast_head":"<!-- This site is optimized with the Yoast SEO plugin v15.1.1 - https:\/\/yoast.com\/wordpress\/plugins\/seo\/ -->\n<title>Privacy Policy - Enhancers<\/title>\n<meta name=\"robots\" content=\"index, follow, max-snippet:-1, max-image-preview:large, max-video-preview:-1\" \/>\n<link rel=\"canonical\" href=\"https:\/\/enhancers.it\/es\/privacy-policy\/\" \/>\n<meta property=\"og:locale\" content=\"es_ES\" \/>\n<meta property=\"og:type\" content=\"article\" \/>\n<meta property=\"og:title\" content=\"Privacy Policy - Enhancers\" \/>\n<meta property=\"og:description\" content=\"Titular del Tratamiento de Datos ENHANCERS The Digital Product FactoryWarrant Hub Spa \u2013 Tinexta GroupVia Antonio Bertola 40 10122 Torino (Italia) Email address of the Data Controller: info@enhancers.it Pol\u00edtica de privacidad sobre el tratamiento de datos personales de conformidad con los art\u00edculos 13-14 del Reglamento de la UE 2016\/679. Interesados: Usuarios del portal enhancers.it. ENHANCERS [&hellip;]\" \/>\n<meta property=\"og:url\" content=\"https:\/\/enhancers.it\/es\/privacy-policy\/\" \/>\n<meta property=\"og:site_name\" content=\"Enhancers\" \/>\n<meta name=\"twitter:card\" content=\"summary_large_image\" \/>\n<script type=\"application\/ld+json\" class=\"yoast-schema-graph\">{\"@context\":\"https:\/\/schema.org\",\"@graph\":[{\"@type\":\"WebSite\",\"@id\":\"https:\/\/enhancers.it\/es\/#website\",\"url\":\"https:\/\/enhancers.it\/es\/\",\"name\":\"Enhancers\",\"description\":\"\",\"potentialAction\":[{\"@type\":\"SearchAction\",\"target\":\"https:\/\/enhancers.it\/es\/?s={search_term_string}\",\"query-input\":\"required name=search_term_string\"}],\"inLanguage\":\"es\"},{\"@type\":\"WebPage\",\"@id\":\"https:\/\/enhancers.it\/es\/privacy-policy\/#webpage\",\"url\":\"https:\/\/enhancers.it\/es\/privacy-policy\/\",\"name\":\"Privacy Policy - Enhancers\",\"isPartOf\":{\"@id\":\"https:\/\/enhancers.it\/es\/#website\"},\"datePublished\":\"2024-02-02T16:25:29+00:00\",\"dateModified\":\"2024-02-02T16:25:29+00:00\",\"inLanguage\":\"es\",\"potentialAction\":[{\"@type\":\"ReadAction\",\"target\":[\"https:\/\/enhancers.it\/es\/privacy-policy\/\"]}],\"breadcrumb\":{\"@id\":null}}]}<\/script>\n<!-- \/ Yoast SEO plugin. -->","_links":{"self":[{"href":"https:\/\/enhancers.it\/es\/wp-json\/wp\/v2\/pages\/11575"}],"collection":[{"href":"https:\/\/enhancers.it\/es\/wp-json\/wp\/v2\/pages"}],"about":[{"href":"https:\/\/enhancers.it\/es\/wp-json\/wp\/v2\/types\/page"}],"author":[{"embeddable":true,"href":"https:\/\/enhancers.it\/es\/wp-json\/wp\/v2\/users\/1"}],"replies":[{"embeddable":true,"href":"https:\/\/enhancers.it\/es\/wp-json\/wp\/v2\/comments?post=11575"}],"version-history":[{"count":1,"href":"https:\/\/enhancers.it\/es\/wp-json\/wp\/v2\/pages\/11575\/revisions"}],"predecessor-version":[{"id":11576,"href":"https:\/\/enhancers.it\/es\/wp-json\/wp\/v2\/pages\/11575\/revisions\/11576"}],"wp:attachment":[{"href":"https:\/\/enhancers.it\/es\/wp-json\/wp\/v2\/media?parent=11575"}],"curies":[{"name":"wp","href":"https:\/\/api.w.org\/{rel}","templated":true}]}}